{"id":6023,"date":"2026-02-17T21:27:51","date_gmt":"2026-02-17T20:27:51","guid":{"rendered":"https:\/\/customo.pl\/?page_id=6023"},"modified":"2026-02-17T21:27:51","modified_gmt":"2026-02-17T20:27:51","slug":"koszyk","status":"publish","type":"page","link":"https:\/\/customo.pl\/?page_id=6023","title":{"rendered":"Koszyk"},"content":{"rendered":"\n<div data-block-name=\"woocommerce\/cart\" class=\"wp-block-woocommerce-cart alignwide is-loading\">\n<div data-block-name=\"woocommerce\/filled-cart-block\" class=\"wp-block-woocommerce-filled-cart-block\">\n<div data-block-name=\"woocommerce\/cart-items-block\" class=\"wp-block-woocommerce-cart-items-block\">\n<div data-block-name=\"woocommerce\/cart-line-items-block\" class=\"wp-block-woocommerce-cart-line-items-block\"><\/div>\n\n\n<\/div>\n\n\n\n\n<div data-block-name=\"woocommerce\/cart-totals-block\" class=\"wp-block-woocommerce-cart-totals-block\">\n<div data-block-name=\"woocommerce\/cart-order-summary-block\" class=\"wp-block-woocommerce-cart-order-summary-block\">\n<div data-block-name=\"woocommerce\/cart-order-summary-heading-block\" class=\"wp-block-woocommerce-cart-order-summary-heading-block\"><\/div><div data-block-name=\"woocommerce\/cart-order-summary-coupon-form-block\" class=\"wp-block-woocommerce-cart-order-summary-coupon-form-block\"><\/div><div data-block-name=\"woocommerce\/cart-order-summary-totals-block\" class=\"wp-block-woocommerce-cart-order-summary-totals-block\">\n<div data-block-name=\"woocommerce\/cart-order-summary-subtotal-block\" class=\"wp-block-woocommerce-cart-order-summary-subtotal-block\"><\/div>\n<div data-block-name=\"woocommerce\/cart-order-summary-discount-block\" class=\"wp-block-woocommerce-cart-order-summary-discount-block\"><\/div>\n<div data-block-name=\"woocommerce\/cart-order-summary-fee-block\" class=\"wp-block-woocommerce-cart-order-summary-fee-block\"><\/div>\n<div data-block-name=\"woocommerce\/cart-order-summary-shipping-block\" class=\"wp-block-woocommerce-cart-order-summary-shipping-block\"><\/div>\n<div data-block-name=\"woocommerce\/cart-order-summary-taxes-block\" class=\"wp-block-woocommerce-cart-order-summary-taxes-block\"><\/div><\/div>\n<\/div>\n\n\n\n<div data-block-name=\"woocommerce\/cart-express-payment-block\" class=\"wp-block-woocommerce-cart-express-payment-block\"><\/div>\n\n\n\n<div data-block-name=\"woocommerce\/proceed-to-checkout-block\" class=\"wp-block-woocommerce-proceed-to-checkout-block\"><\/div>\n<div id=\"ppcp-recaptcha-v2-container\" style=\"margin:20px 0;\"><\/div>\n\n\n<div data-block-name=\"woocommerce\/cart-accepted-payment-methods-block\" class=\"wp-block-woocommerce-cart-accepted-payment-methods-block\"><\/div>\n<\/div>\n<\/div>\n\n\n\n<div data-block-name=\"woocommerce\/empty-cart-block\" class=\"wp-block-woocommerce-empty-cart-block\">\n<h2 class=\"wp-block-heading has-text-align-center with-empty-cart-icon wc-block-cart__empty-cart__title\">Tw\u00f3j koszyk jest obecnie pusty!<\/h2>\n\n\n\n<hr class=\"wp-block-separator has-alpha-channel-opacity is-style-dots\"\/>\n\n\n\n<h2 class=\"wp-block-heading has-text-align-center\">Nowe w sklepie<\/h2>\n\n\n<div data-block-name=\"woocommerce\/product-new\" data-columns=\"4\" data-rows=\"1\" class=\"wc-block-grid wp-block-product-new wp-block-woocommerce-product-new wc-block-product-new has-4-columns\"><ul class=\"wc-block-grid__products\"><li class=\"wc-block-grid__product\">\n\t\t\t\t<a href=\"https:\/\/customo.pl\/?product=brelok-do-kluczy-omp\" class=\"wc-block-grid__product-link\">\n\t\t\t\t\t\n\t\t\t\t\t<div class=\"wc-block-grid__product-image\"><img loading=\"lazy\" decoding=\"async\" width=\"300\" height=\"300\" src=\"https:\/\/customo.pl\/wp-content\/uploads\/2026\/02\/20260201_003840-300x300.jpg\" class=\"attachment-woocommerce_thumbnail size-woocommerce_thumbnail\" alt=\"Brelok do kluczy OMP\" srcset=\"https:\/\/customo.pl\/wp-content\/uploads\/2026\/02\/20260201_003840-300x300.jpg 300w, https:\/\/customo.pl\/wp-content\/uploads\/2026\/02\/20260201_003840-150x150.jpg 150w, https:\/\/customo.pl\/wp-content\/uploads\/2026\/02\/20260201_003840-140x140.jpg 140w, https:\/\/customo.pl\/wp-content\/uploads\/2026\/02\/20260201_003840-100x100.jpg 100w, https:\/\/customo.pl\/wp-content\/uploads\/2026\/02\/20260201_003840-500x500.jpg 500w, https:\/\/customo.pl\/wp-content\/uploads\/2026\/02\/20260201_003840-350x350.jpg 350w, https:\/\/customo.pl\/wp-content\/uploads\/2026\/02\/20260201_003840-1000x1000.jpg 1000w, https:\/\/customo.pl\/wp-content\/uploads\/2026\/02\/20260201_003840-800x800.jpg 800w\" sizes=\"auto, (max-width: 300px) 100vw, 300px\" \/><\/div>\n\t\t\t\t\t<div class=\"wc-block-grid__product-title\">Brelok do kluczy OMP<\/div>\n\t\t\t\t<\/a>\n\t\t\t\t<div class=\"wc-block-grid__product-price price\"><span class=\"woocommerce-Price-amount amount\">10,00&nbsp;<span class=\"woocommerce-Price-currencySymbol\">&#122;&#322;<\/span><\/span><\/div>\n\t\t\t\t\n\t\t\t\t<div class=\"wp-block-button wc-block-grid__product-add-to-cart\"><a href=\"\/index.php?rest_route=%2Fwp%2Fv2%2Fpages%2F6023&#038;add-to-cart=6030\" aria-label=\"Add to cart: &ldquo;Brelok do kluczy OMP&rdquo;\" data-quantity=\"1\" data-product_id=\"6030\" data-product_sku=\"\" data-price=\"10\" rel=\"nofollow\" class=\"wp-block-button__link  add_to_cart_button ajax_add_to_cart\">Add to cart<\/a><\/div>\n\t\t\t<\/li><li class=\"wc-block-grid__product\">\n\t\t\t\t<a href=\"https:\/\/customo.pl\/?product=kapsel-kielichow-bmw-e30-36-46\" class=\"wc-block-grid__product-link\">\n\t\t\t\t\t\n\t\t\t\t\t<div class=\"wc-block-grid__product-image\"><img loading=\"lazy\" decoding=\"async\" width=\"300\" height=\"300\" src=\"https:\/\/customo.pl\/wp-content\/uploads\/2026\/02\/20260217_214246-scaled-300x300.jpg\" class=\"attachment-woocommerce_thumbnail size-woocommerce_thumbnail\" alt=\"Kapsel kielich\u00f3w BMW E30\/36\/46\" srcset=\"https:\/\/customo.pl\/wp-content\/uploads\/2026\/02\/20260217_214246-scaled-300x300.jpg 300w, https:\/\/customo.pl\/wp-content\/uploads\/2026\/02\/20260217_214246-150x150.jpg 150w, https:\/\/customo.pl\/wp-content\/uploads\/2026\/02\/20260217_214246-140x140.jpg 140w, https:\/\/customo.pl\/wp-content\/uploads\/2026\/02\/20260217_214246-100x100.jpg 100w, https:\/\/customo.pl\/wp-content\/uploads\/2026\/02\/20260217_214246-500x500.jpg 500w, https:\/\/customo.pl\/wp-content\/uploads\/2026\/02\/20260217_214246-350x350.jpg 350w, https:\/\/customo.pl\/wp-content\/uploads\/2026\/02\/20260217_214246-1000x1000.jpg 1000w, https:\/\/customo.pl\/wp-content\/uploads\/2026\/02\/20260217_214246-800x800.jpg 800w\" sizes=\"auto, (max-width: 300px) 100vw, 300px\" \/><\/div>\n\t\t\t\t\t<div class=\"wc-block-grid__product-title\">Kapsel kielich\u00f3w BMW E30\/36\/46<\/div>\n\t\t\t\t<\/a>\n\t\t\t\t<div class=\"wc-block-grid__product-price price\"><span class=\"woocommerce-Price-amount amount\">50,00&nbsp;<span class=\"woocommerce-Price-currencySymbol\">&#122;&#322;<\/span><\/span><\/div>\n\t\t\t\t\n\t\t\t\t<div class=\"wp-block-button wc-block-grid__product-add-to-cart\"><a href=\"\/index.php?rest_route=%2Fwp%2Fv2%2Fpages%2F6023&#038;add-to-cart=6027\" aria-label=\"Add to cart: &ldquo;Kapsel kielich\u00f3w BMW E30\/36\/46&rdquo;\" data-quantity=\"1\" data-product_id=\"6027\" data-product_sku=\"\" data-price=\"50\" rel=\"nofollow\" class=\"wp-block-button__link  add_to_cart_button ajax_add_to_cart\">Add to cart<\/a><\/div>\n\t\t\t<\/li><\/ul><\/div><\/div>\n<\/div>\n","protected":false},"excerpt":{"rendered":"Zobacz inne r\u00f3wnie interesuj\u0105ce&hellip; Tw\u00f3j koszyk jest obecnie pusty! Nowe w sklepie","protected":false},"author":1,"featured_media":0,"parent":0,"menu_order":0,"comment_status":"closed","ping_status":"closed","template":"","meta":{"footnotes":""},"class_list":["post-6023","page","type-page","status-publish"],"jetpack_sharing_enabled":true,"_links":{"self":[{"href":"https:\/\/customo.pl\/index.php?rest_route=\/wp\/v2\/pages\/6023","targetHints":{"allow":["GET"]}}],"collection":[{"href":"https:\/\/customo.pl\/index.php?rest_route=\/wp\/v2\/pages"}],"about":[{"href":"https:\/\/customo.pl\/index.php?rest_route=\/wp\/v2\/types\/page"}],"author":[{"embeddable":true,"href":"https:\/\/customo.pl\/index.php?rest_route=\/wp\/v2\/users\/1"}],"replies":[{"embeddable":true,"href":"https:\/\/customo.pl\/index.php?rest_route=%2Fwp%2Fv2%2Fcomments&post=6023"}],"version-history":[{"count":0,"href":"https:\/\/customo.pl\/index.php?rest_route=\/wp\/v2\/pages\/6023\/revisions"}],"wp:attachment":[{"href":"https:\/\/customo.pl\/index.php?rest_route=%2Fwp%2Fv2%2Fmedia&parent=6023"}],"curies":[{"name":"wp","href":"https:\/\/api.w.org\/{rel}","templated":true}]}}